{"id":525,"date":"2020-03-05T11:04:56","date_gmt":"2020-03-05T11:04:56","guid":{"rendered":"https:\/\/demo.hashthemes.com\/hashone\/?page_id=525"},"modified":"2022-09-08T18:09:52","modified_gmt":"2022-09-08T18:09:52","slug":"sobre-nosotros","status":"publish","type":"page","link":"https:\/\/dproyectos.cl\/index.php\/sobre-nosotros\/","title":{"rendered":"La Empresa"},"content":{"rendered":"\n<p>Somos una empresa con vasta experiencia en el rubro de la ingenier\u00eda, arquitectura y construcci\u00f3n, que busca apoyar a nuestros clientes en la materializaci\u00f3n de sus proyectos mediante un sistema \u00e1gil, transparente y eficaz.<\/p>\n\n\n\n<p>La \u00e9tica, responsabilidad, confianza y compromiso con nuestro trabajo, nos permiten entregar un servicio completo a nuestros clientes durante todo el proceso del peritaje, buscando la optimizaci\u00f3n y la eficiencia de los recursos, el cumplimiento de los est\u00e1ndares de calidad, el resguardo de la confidencialidad de los antecedentes y procedimientos, como tambi\u00e9n el cuidado de los recursos naturales en cada uno de nuestros procesos.<\/p>\n","protected":false},"excerpt":{"rendered":"<p>Somos una empresa con vasta experiencia en el rubro de la ingenier\u00eda, arquitectura y construcci\u00f3n, que busca apoyar a nuestros clientes en la materializaci\u00f3n de sus proyectos mediante un sistema &#8230;<\/p>\n","protected":false},"author":1,"featured_media":0,"parent":0,"menu_order":0,"comment_status":"closed","ping_status":"closed","template":"","meta":{"footnotes":""},"class_list":["post-525","page","type-page","status-publish","hentry"],"_links":{"self":[{"href":"https:\/\/dproyectos.cl\/index.php\/wp-json\/wp\/v2\/pages\/525","targetHints":{"allow":["GET"]}}],"collection":[{"href":"https:\/\/dproyectos.cl\/index.php\/wp-json\/wp\/v2\/pages"}],"about":[{"href":"https:\/\/dproyectos.cl\/index.php\/wp-json\/wp\/v2\/types\/page"}],"author":[{"embeddable":true,"href":"https:\/\/dproyectos.cl\/index.php\/wp-json\/wp\/v2\/users\/1"}],"replies":[{"embeddable":true,"href":"https:\/\/dproyectos.cl\/index.php\/wp-json\/wp\/v2\/comments?post=525"}],"version-history":[{"count":2,"href":"https:\/\/dproyectos.cl\/index.php\/wp-json\/wp\/v2\/pages\/525\/revisions"}],"predecessor-version":[{"id":667,"href":"https:\/\/dproyectos.cl\/index.php\/wp-json\/wp\/v2\/pages\/525\/revisions\/667"}],"wp:attachment":[{"href":"https:\/\/dproyectos.cl\/index.php\/wp-json\/wp\/v2\/media?parent=525"}],"curies":[{"name":"wp","href":"https:\/\/api.w.org\/{rel}","templated":true}]}}