{"id":337,"date":"2016-10-31T16:19:47","date_gmt":"2016-10-31T16:19:47","guid":{"rendered":"http:\/\/demo.hashthemes.com\/hashone\/?page_id=337"},"modified":"2023-07-27T23:49:33","modified_gmt":"2023-07-27T23:49:33","slug":"fully-responsive","status":"publish","type":"page","link":"https:\/\/dproyectos.cl\/index.php\/fully-responsive\/","title":{"rendered":"Coordinaci\u00f3n de Proyectos"},"content":{"rendered":"\n<div style=\"height:20px\" aria-hidden=\"true\" class=\"wp-block-spacer\"><\/div>\n\n\n\n<p>Considera la planificaci\u00f3n y coordinaci\u00f3n administrativa y t\u00e9cnica de las especialidades de un proyecto. Nuestra gesti\u00f3n analiza las variables de plazo, costo y calidad, lo que permite verificar el cumplimiento de los objetivos del proyecto.<\/p>\n","protected":false},"excerpt":{"rendered":"<p>Considera la planificaci\u00f3n y coordinaci\u00f3n administrativa y t\u00e9cnica de las especialidades de un proyecto. Nuestra gesti\u00f3n analiza las variables de plazo, costo y calidad, lo que permite verificar el cumplimiento &#8230;<\/p>\n","protected":false},"author":1,"featured_media":2331,"parent":0,"menu_order":0,"comment_status":"closed","ping_status":"closed","template":"","meta":{"footnotes":""},"class_list":["post-337","page","type-page","status-publish","has-post-thumbnail","hentry"],"_links":{"self":[{"href":"https:\/\/dproyectos.cl\/index.php\/wp-json\/wp\/v2\/pages\/337","targetHints":{"allow":["GET"]}}],"collection":[{"href":"https:\/\/dproyectos.cl\/index.php\/wp-json\/wp\/v2\/pages"}],"about":[{"href":"https:\/\/dproyectos.cl\/index.php\/wp-json\/wp\/v2\/types\/page"}],"author":[{"embeddable":true,"href":"https:\/\/dproyectos.cl\/index.php\/wp-json\/wp\/v2\/users\/1"}],"replies":[{"embeddable":true,"href":"https:\/\/dproyectos.cl\/index.php\/wp-json\/wp\/v2\/comments?post=337"}],"version-history":[{"count":2,"href":"https:\/\/dproyectos.cl\/index.php\/wp-json\/wp\/v2\/pages\/337\/revisions"}],"predecessor-version":[{"id":2307,"href":"https:\/\/dproyectos.cl\/index.php\/wp-json\/wp\/v2\/pages\/337\/revisions\/2307"}],"wp:featuredmedia":[{"embeddable":true,"href":"https:\/\/dproyectos.cl\/index.php\/wp-json\/wp\/v2\/media\/2331"}],"wp:attachment":[{"href":"https:\/\/dproyectos.cl\/index.php\/wp-json\/wp\/v2\/media?parent=337"}],"curies":[{"name":"wp","href":"https:\/\/api.w.org\/{rel}","templated":true}]}}