{"id":335,"date":"2016-10-31T16:19:23","date_gmt":"2016-10-31T16:19:23","guid":{"rendered":"http:\/\/demo.hashthemes.com\/hashone\/?page_id=335"},"modified":"2023-07-27T23:51:18","modified_gmt":"2023-07-27T23:51:18","slug":"multipurpose-website","status":"publish","type":"page","link":"https:\/\/dproyectos.cl\/index.php\/multipurpose-website\/","title":{"rendered":"Licitaci\u00f3n de Proyectos"},"content":{"rendered":"\n<p>Servicio que busca obtener la mejor propuesta t\u00e9cnica y econ\u00f3mica que cumpla con los objetivos del proyecto. Contamos con un proceso \u00e1gil, basado en la experiencia, que permite obtener la mejor oferta t\u00e9cnica y econ\u00f3mica para la materializaci\u00f3n de su proyecto.<\/p>\n","protected":false},"excerpt":{"rendered":"<p>Servicio que busca obtener la mejor propuesta t\u00e9cnica y econ\u00f3mica que cumpla con los objetivos del proyecto. Contamos con un proceso \u00e1gil, basado en la experiencia, que permite obtener la &#8230;<\/p>\n","protected":false},"author":1,"featured_media":2334,"parent":0,"menu_order":0,"comment_status":"closed","ping_status":"closed","template":"","meta":{"footnotes":""},"class_list":["post-335","page","type-page","status-publish","has-post-thumbnail","hentry"],"_links":{"self":[{"href":"https:\/\/dproyectos.cl\/index.php\/wp-json\/wp\/v2\/pages\/335","targetHints":{"allow":["GET"]}}],"collection":[{"href":"https:\/\/dproyectos.cl\/index.php\/wp-json\/wp\/v2\/pages"}],"about":[{"href":"https:\/\/dproyectos.cl\/index.php\/wp-json\/wp\/v2\/types\/page"}],"author":[{"embeddable":true,"href":"https:\/\/dproyectos.cl\/index.php\/wp-json\/wp\/v2\/users\/1"}],"replies":[{"embeddable":true,"href":"https:\/\/dproyectos.cl\/index.php\/wp-json\/wp\/v2\/comments?post=335"}],"version-history":[{"count":2,"href":"https:\/\/dproyectos.cl\/index.php\/wp-json\/wp\/v2\/pages\/335\/revisions"}],"predecessor-version":[{"id":2306,"href":"https:\/\/dproyectos.cl\/index.php\/wp-json\/wp\/v2\/pages\/335\/revisions\/2306"}],"wp:featuredmedia":[{"embeddable":true,"href":"https:\/\/dproyectos.cl\/index.php\/wp-json\/wp\/v2\/media\/2334"}],"wp:attachment":[{"href":"https:\/\/dproyectos.cl\/index.php\/wp-json\/wp\/v2\/media?parent=335"}],"curies":[{"name":"wp","href":"https:\/\/api.w.org\/{rel}","templated":true}]}}