{"id":333,"date":"2016-10-31T16:18:35","date_gmt":"2016-10-31T16:18:35","guid":{"rendered":"http:\/\/demo.hashthemes.com\/hashone\/?page_id=333"},"modified":"2023-07-27T23:50:52","modified_gmt":"2023-07-27T23:50:52","slug":"welcome-to-hashone","status":"publish","type":"page","link":"https:\/\/dproyectos.cl\/index.php\/welcome-to-hashone\/","title":{"rendered":"Inspecci\u00f3n T\u00e9cnica de Obras"},"content":{"rendered":"<p>Proceso que controla los aspectos t\u00e9cnicos y administrativos de un proyecto.<\/p>\n<p>Dependiendo del tipo de obra y servicio requerido, contamos con diferentes modalidades, tales como:<\/p>\n<ul>\n<li>Inspecci\u00f3n T\u00e9cnica Civil<\/li>\n<li>Inspecci\u00f3n T\u00e9cnica de Especialidades<\/li>\n<li>Inspecci\u00f3n T\u00e9cnica de Prevenci\u00f3n de Riesgos<\/li>\n<li>ITO Full Time &#8211; ITO Part Time &#8211; ITO Visitador<\/li>\n<\/ul>\n","protected":false},"excerpt":{"rendered":"<p>Proceso que controla los aspectos t\u00e9cnicos y administrativos de un proyecto. Dependiendo del tipo de obra y servicio requerido, contamos con diferentes modalidades, tales como: Inspecci\u00f3n T\u00e9cnica Civil Inspecci\u00f3n T\u00e9cnica &#8230;<\/p>\n","protected":false},"author":1,"featured_media":2333,"parent":0,"menu_order":0,"comment_status":"closed","ping_status":"closed","template":"","meta":{"footnotes":""},"class_list":["post-333","page","type-page","status-publish","has-post-thumbnail","hentry"],"_links":{"self":[{"href":"https:\/\/dproyectos.cl\/index.php\/wp-json\/wp\/v2\/pages\/333","targetHints":{"allow":["GET"]}}],"collection":[{"href":"https:\/\/dproyectos.cl\/index.php\/wp-json\/wp\/v2\/pages"}],"about":[{"href":"https:\/\/dproyectos.cl\/index.php\/wp-json\/wp\/v2\/types\/page"}],"author":[{"embeddable":true,"href":"https:\/\/dproyectos.cl\/index.php\/wp-json\/wp\/v2\/users\/1"}],"replies":[{"embeddable":true,"href":"https:\/\/dproyectos.cl\/index.php\/wp-json\/wp\/v2\/comments?post=333"}],"version-history":[{"count":2,"href":"https:\/\/dproyectos.cl\/index.php\/wp-json\/wp\/v2\/pages\/333\/revisions"}],"predecessor-version":[{"id":2305,"href":"https:\/\/dproyectos.cl\/index.php\/wp-json\/wp\/v2\/pages\/333\/revisions\/2305"}],"wp:featuredmedia":[{"embeddable":true,"href":"https:\/\/dproyectos.cl\/index.php\/wp-json\/wp\/v2\/media\/2333"}],"wp:attachment":[{"href":"https:\/\/dproyectos.cl\/index.php\/wp-json\/wp\/v2\/media?parent=333"}],"curies":[{"name":"wp","href":"https:\/\/api.w.org\/{rel}","templated":true}]}}