{"id":2308,"date":"2022-10-03T17:04:12","date_gmt":"2022-10-03T17:04:12","guid":{"rendered":"https:\/\/dproyectos.cl\/?page_id=2308"},"modified":"2023-07-27T23:50:17","modified_gmt":"2023-07-27T23:50:17","slug":"gerenciamiento-de-proyectos","status":"publish","type":"page","link":"https:\/\/dproyectos.cl\/index.php\/gerenciamiento-de-proyectos\/","title":{"rendered":"Gerenciamiento de Proyectos"},"content":{"rendered":"\n<p>Gesti\u00f3n completa de una obra, desde la generaci\u00f3n de la idea hasta el t\u00e9rmino completo de la misma.<\/p>\n\n\n\n<p>Contempla la licitaci\u00f3n de arquitectura y especialidades, licitaci\u00f3n de construcci\u00f3n e Inspecci\u00f3n t\u00e9cnica de obra.<\/p>\n","protected":false},"excerpt":{"rendered":"<p>Gesti\u00f3n completa de una obra, desde la generaci\u00f3n de la idea hasta el t\u00e9rmino completo de la misma. Contempla la licitaci\u00f3n de arquitectura y especialidades, licitaci\u00f3n de construcci\u00f3n e Inspecci\u00f3n &#8230;<\/p>\n","protected":false},"author":1,"featured_media":2332,"parent":0,"menu_order":0,"comment_status":"closed","ping_status":"closed","template":"","meta":{"footnotes":""},"class_list":["post-2308","page","type-page","status-publish","has-post-thumbnail","hentry"],"_links":{"self":[{"href":"https:\/\/dproyectos.cl\/index.php\/wp-json\/wp\/v2\/pages\/2308","targetHints":{"allow":["GET"]}}],"collection":[{"href":"https:\/\/dproyectos.cl\/index.php\/wp-json\/wp\/v2\/pages"}],"about":[{"href":"https:\/\/dproyectos.cl\/index.php\/wp-json\/wp\/v2\/types\/page"}],"author":[{"embeddable":true,"href":"https:\/\/dproyectos.cl\/index.php\/wp-json\/wp\/v2\/users\/1"}],"replies":[{"embeddable":true,"href":"https:\/\/dproyectos.cl\/index.php\/wp-json\/wp\/v2\/comments?post=2308"}],"version-history":[{"count":1,"href":"https:\/\/dproyectos.cl\/index.php\/wp-json\/wp\/v2\/pages\/2308\/revisions"}],"predecessor-version":[{"id":2309,"href":"https:\/\/dproyectos.cl\/index.php\/wp-json\/wp\/v2\/pages\/2308\/revisions\/2309"}],"wp:featuredmedia":[{"embeddable":true,"href":"https:\/\/dproyectos.cl\/index.php\/wp-json\/wp\/v2\/media\/2332"}],"wp:attachment":[{"href":"https:\/\/dproyectos.cl\/index.php\/wp-json\/wp\/v2\/media?parent=2308"}],"curies":[{"name":"wp","href":"https:\/\/api.w.org\/{rel}","templated":true}]}}